{"id":95,"date":"2018-10-31T15:29:38","date_gmt":"2018-10-31T15:29:38","guid":{"rendered":"https:\/\/www.amazonshop.ch\/?page_id=95"},"modified":"2021-04-17T19:43:08","modified_gmt":"2021-04-17T19:43:08","slug":"startseite","status":"publish","type":"page","link":"https:\/\/www.amazonshop.ch\/","title":{"rendered":"Startseite"},"content":{"rendered":"<p>Willkommen auf der Website vom amazonshop.ch!<\/p>\n<p>Wir m\u00f6chten hier unsere Produkte aus dem lateinamerikanischen Regionen des Amazonas anbieten. Die reichhaltige Vielfalt an Fr\u00fcchten, Lebensmittel, kosmetischen Produkten bis hin zu handwerklichen Gegenst\u00e4nden.<\/p>\n","protected":false},"excerpt":{"rendered":"<p>Willkommen auf der Website vom amazonshop.ch! Wir m\u00f6chten hier unsere Produkte aus dem lateinamerikanischen Regionen des Amazonas anbieten. Die reichhaltige Vielfalt an Fr\u00fcchten, Lebensmittel, kosmetischen Produkten bis hin zu handwerklichen Gegenst\u00e4nden.<\/p>\n","protected":false},"author":1,"featured_media":209,"parent":0,"menu_order":0,"comment_status":"closed","ping_status":"closed","template":"","meta":{"footnotes":""},"class_list":["post-95","page","type-page","status-publish","has-post-thumbnail","hentry"],"_links":{"self":[{"href":"https:\/\/www.amazonshop.ch\/index.php?rest_route=\/wp\/v2\/pages\/95","targetHints":{"allow":["GET"]}}],"collection":[{"href":"https:\/\/www.amazonshop.ch\/index.php?rest_route=\/wp\/v2\/pages"}],"about":[{"href":"https:\/\/www.amazonshop.ch\/index.php?rest_route=\/wp\/v2\/types\/page"}],"author":[{"embeddable":true,"href":"https:\/\/www.amazonshop.ch\/index.php?rest_route=\/wp\/v2\/users\/1"}],"replies":[{"embeddable":true,"href":"https:\/\/www.amazonshop.ch\/index.php?rest_route=%2Fwp%2Fv2%2Fcomments&post=95"}],"version-history":[{"count":3,"href":"https:\/\/www.amazonshop.ch\/index.php?rest_route=\/wp\/v2\/pages\/95\/revisions"}],"predecessor-version":[{"id":119,"href":"https:\/\/www.amazonshop.ch\/index.php?rest_route=\/wp\/v2\/pages\/95\/revisions\/119"}],"wp:featuredmedia":[{"embeddable":true,"href":"https:\/\/www.amazonshop.ch\/index.php?rest_route=\/wp\/v2\/media\/209"}],"wp:attachment":[{"href":"https:\/\/www.amazonshop.ch\/index.php?rest_route=%2Fwp%2Fv2%2Fmedia&parent=95"}],"curies":[{"name":"wp","href":"https:\/\/api.w.org\/{rel}","templated":true}]}}